{"id":5471,"date":"2019-10-18T10:24:42","date_gmt":"2019-10-18T14:24:42","guid":{"rendered":"https:\/\/losprimosxxi.com\/site\/?page_id=5471"},"modified":"2022-03-28T16:12:33","modified_gmt":"2022-03-28T20:12:33","slug":"home","status":"publish","type":"page","link":"https:\/\/www.losprimosxxi.com\/site\/home\/","title":{"rendered":"Home"},"content":{"rendered":"<div id=\"pl-5471\"  class=\"panel-layout\" ><div id=\"pg-5471-0\"  class=\"panel-grid panel-has-style\" ><div class=\"siteorigin-panels-stretch panel-row-style panel-row-style-for-5471-0\" data-stretch-type=\"full\" ><div id=\"pgc-5471-0-0\"  class=\"panel-grid-cell\" ><div id=\"panel-5471-0-0-0\" class=\"so-panel widget widget_sow-editor panel-first-child\" data-index=\"0\" ><div\n\t\t\t\n\t\t\tclass=\"so-widget-sow-editor so-widget-sow-editor-base\"\n\t\t\t\n\t\t>\n<div class=\"siteorigin-widget-tinymce textwidget\">\n\t<h2 style=\"text-align: center; margin-top: 0; margin-bottom: 0;\"><span style=\"color: #333333;\">\u00a1Calidad y responsabilidad a su servicio!<\/span><\/h2>\n<h2 style=\"text-align: center;\"><span style=\"color: #333333;\">Suministros<\/span><\/h2>\n<\/div>\n<\/div><\/div><div id=\"panel-5471-0-0-1\" class=\"so-panel widget widget_siteorigin-panels-builder\" data-index=\"1\" ><div id=\"pl-w623c646746220\"  class=\"panel-layout\" ><div id=\"pg-w623c646746220-0\"  class=\"panel-grid panel-no-style\" ><div id=\"pgc-w623c646746220-0-0\"  class=\"panel-grid-cell\" ><div id=\"panel-w623c646746220-0-0-0\" class=\"so-panel widget widget_sow-editor panel-first-child panel-last-child\" data-index=\"0\" ><div\n\t\t\t\n\t\t\tclass=\"so-widget-sow-editor so-widget-sow-editor-base\"\n\t\t\t\n\t\t>\n<div class=\"siteorigin-widget-tinymce textwidget\">\n\t<div class=\"shine wppe-hover\"><img loading=\"lazy\" class=\"aligncenter\" style=\"border: 1px solid #c0c0c0;\" src=\"https:\/\/www.losprimosxxi.com\/site\/wp-content\/uploads\/2022\/03\/SUMINISTRO_01.jpg\" alt=\"\" width=\"315\" height=\"200\" \/><\/div>\n<p style=\"margin: 0px 15px; text-align: center;\"><strong><span style=\"color: #5b9bd5;\">Ferreter\u00eda<\/span><\/strong><\/p>\n<\/div>\n<\/div><\/div><\/div><div id=\"pgc-w623c646746220-0-1\"  class=\"panel-grid-cell\" ><div id=\"panel-w623c646746220-0-1-0\" class=\"so-panel widget widget_sow-editor panel-first-child panel-last-child\" data-index=\"1\" ><div\n\t\t\t\n\t\t\tclass=\"so-widget-sow-editor so-widget-sow-editor-base\"\n\t\t\t\n\t\t>\n<div class=\"siteorigin-widget-tinymce textwidget\">\n\t<div class=\"shine wppe-hover\"><img loading=\"lazy\" class=\"aligncenter\" style=\"border: 1px solid #c0c0c0;\" src=\"https:\/\/www.losprimosxxi.com\/site\/wp-content\/uploads\/2022\/03\/SUMINISTRO_02.jpg\" alt=\"\" width=\"315\" height=\"200\" \/><\/div>\n<p style=\"margin: 0px 15px; text-align: center;\"><strong><span style=\"color: #5b9bd5;\">Agropecuarios<\/span><\/strong><\/p>\n<\/div>\n<\/div><\/div><\/div><div id=\"pgc-w623c646746220-0-2\"  class=\"panel-grid-cell\" ><div id=\"panel-w623c646746220-0-2-0\" class=\"so-panel widget widget_sow-editor panel-first-child panel-last-child\" data-index=\"2\" ><div\n\t\t\t\n\t\t\tclass=\"so-widget-sow-editor so-widget-sow-editor-base\"\n\t\t\t\n\t\t>\n<div class=\"siteorigin-widget-tinymce textwidget\">\n\t<div class=\"shine wppe-hover\"><img loading=\"lazy\" class=\"aligncenter\" style=\"border: 1px solid #c0c0c0;\" src=\"https:\/\/www.losprimosxxi.com\/site\/wp-content\/uploads\/2022\/03\/SUMINISTRO_03.jpg\" alt=\"\" width=\"315\" height=\"200\" \/><\/div>\n<p style=\"margin: 0px 15px; text-align: center;\"><strong><span style=\"color: #5b9bd5;\">Industriales<\/span><\/strong><\/p>\n<\/div>\n<\/div><\/div><\/div><\/div><\/div><\/div><div id=\"panel-5471-0-0-2\" class=\"so-panel widget widget_sow-editor\" data-index=\"2\" ><div\n\t\t\t\n\t\t\tclass=\"so-widget-sow-editor so-widget-sow-editor-base\"\n\t\t\t\n\t\t>\n<div class=\"siteorigin-widget-tinymce textwidget\">\n\t<h2 style=\"text-align: center;\"><span style=\"color: #333333;\">Servicios<\/span><\/h2>\n<\/div>\n<\/div><\/div><div id=\"panel-5471-0-0-3\" class=\"so-panel widget widget_siteorigin-panels-builder panel-last-child\" data-index=\"3\" ><div id=\"pl-w623c65eae2d30\"  class=\"panel-layout\" ><div id=\"pg-w623c65eae2d30-0\"  class=\"panel-grid panel-no-style\" ><div id=\"pgc-w623c65eae2d30-0-0\"  class=\"panel-grid-cell\" ><div id=\"panel-w623c65eae2d30-0-0-0\" class=\"so-panel widget widget_sow-editor panel-first-child panel-last-child\" data-index=\"0\" ><div\n\t\t\t\n\t\t\tclass=\"so-widget-sow-editor so-widget-sow-editor-base\"\n\t\t\t\n\t\t>\n<div class=\"siteorigin-widget-tinymce textwidget\">\n\t<div class=\"shine wppe-hover\"><img loading=\"lazy\" class=\"aligncenter\" style=\"border: 1px solid #c0c0c0;\" src=\"https:\/\/www.losprimosxxi.com\/site\/wp-content\/uploads\/2022\/03\/SERVICIOS_01.jpg\" alt=\"\" width=\"315\" height=\"200\" \/><\/div>\n<p style=\"margin: 0px 15px; text-align: center;\"><strong><span style=\"color: #5b9bd5;\">Transporte Terrestre<\/span><\/strong><\/p>\n<\/div>\n<\/div><\/div><\/div><div id=\"pgc-w623c65eae2d30-0-1\"  class=\"panel-grid-cell\" ><div id=\"panel-w623c65eae2d30-0-1-0\" class=\"so-panel widget widget_sow-editor panel-first-child panel-last-child\" data-index=\"1\" ><div\n\t\t\t\n\t\t\tclass=\"so-widget-sow-editor so-widget-sow-editor-base\"\n\t\t\t\n\t\t>\n<div class=\"siteorigin-widget-tinymce textwidget\">\n\t<div class=\"shine wppe-hover\"><img loading=\"lazy\" class=\"aligncenter\" style=\"border: 1px solid #c0c0c0;\" src=\"https:\/\/www.losprimosxxi.com\/site\/wp-content\/uploads\/2022\/03\/SERVICIOS_02.jpg\" alt=\"\" width=\"315\" height=\"200\" \/><\/div>\n<p style=\"margin: 0px 15px; text-align: center;\"><strong><span style=\"color: #5b9bd5;\">Construcci\u00f3n de Obras Civiles<\/span><\/strong><\/p>\n<\/div>\n<\/div><\/div><\/div><div id=\"pgc-w623c65eae2d30-0-2\"  class=\"panel-grid-cell\" ><div id=\"panel-w623c65eae2d30-0-2-0\" class=\"so-panel widget widget_sow-editor panel-first-child panel-last-child\" data-index=\"2\" ><div\n\t\t\t\n\t\t\tclass=\"so-widget-sow-editor so-widget-sow-editor-base\"\n\t\t\t\n\t\t>\n<div class=\"siteorigin-widget-tinymce textwidget\">\n\t<div class=\"shine wppe-hover\"><img loading=\"lazy\" class=\"aligncenter\" style=\"border: 1px solid #c0c0c0;\" src=\"https:\/\/www.losprimosxxi.com\/site\/wp-content\/uploads\/2022\/03\/SERVICIOS_03.jpg\" alt=\"\" width=\"315\" height=\"200\" \/><\/div>\n<p style=\"margin: 0px 15px; text-align: center;\"><strong><span style=\"color: #5b9bd5;\">Asistencia T\u00e9cnica Industrial en Campo<\/span><\/strong><\/p>\n<\/div>\n<\/div><\/div><\/div><\/div><\/div><\/div><\/div><\/div><\/div><div id=\"pg-5471-1\"  class=\"panel-grid panel-no-style\" ><div id=\"pgc-5471-1-0\"  class=\"panel-grid-cell\" ><div id=\"panel-5471-1-0-0\" class=\"so-panel widget widget_widget_sp_image widget_sp_image panel-first-child panel-last-child\" data-index=\"4\" ><img width=\"760\" height=\"500\" class=\"attachment-full alignleft\" style=\"max-width: 100%;\" srcset=\"https:\/\/www.losprimosxxi.com\/site\/wp-content\/uploads\/2022\/03\/ARTE_HOME_01.jpg 760w, https:\/\/www.losprimosxxi.com\/site\/wp-content\/uploads\/2022\/03\/ARTE_HOME_01-300x197.jpg 300w, https:\/\/www.losprimosxxi.com\/site\/wp-content\/uploads\/2022\/03\/ARTE_HOME_01-600x395.jpg 600w\" sizes=\"(max-width: 760px) 100vw, 760px\" src=\"https:\/\/www.losprimosxxi.com\/site\/wp-content\/uploads\/2022\/03\/ARTE_HOME_01.jpg\" \/><\/div><\/div><div id=\"pgc-5471-1-1\"  class=\"panel-grid-cell\" ><div id=\"panel-5471-1-1-0\" class=\"so-panel widget widget_sow-editor panel-first-child\" data-index=\"5\" ><div\n\t\t\t\n\t\t\tclass=\"so-widget-sow-editor so-widget-sow-editor-base\"\n\t\t\t\n\t\t>\n<div class=\"siteorigin-widget-tinymce textwidget\">\n\t<h2 style=\"text-align: left;\"><span style=\"color: #333333;\">Pol\u00edtica de Calidad<\/span><\/h2>\n<p style=\"text-align: justify;\"><span style=\"color: #333333;\">Enfocados en alcanzar la entera satisfacci\u00f3n de nuestros clientes, se promueve constantemente la optimizaci\u00f3n de nuestros procesos en cumplimiento de las normas y regulaciones de seguridad, calidad y medioambiente.<\/span><\/p>\n<\/div>\n<\/div><\/div><div id=\"panel-5471-1-1-1\" class=\"so-panel widget widget_sow-button panel-last-child\" data-index=\"6\" ><div\n\t\t\t\n\t\t\tclass=\"so-widget-sow-button so-widget-sow-button-wire-eefc00015706-5471\"\n\t\t\t\n\t\t><div class=\"ow-button-base ow-button-align-center\"\n>\n\t\t\t<a\n\t\t\t\t\thref=\"https:\/\/www.losprimosxxi.com\/site\/la-empresa\/\"\n\t\t\t\t\tclass=\"sowb-button ow-icon-placement-left ow-button-hover\" \t>\n\t\t<span>\n\t\t\t\n\t\t\tVer M\u00e1s\t\t<\/span>\n\t\t\t<\/a>\n\t<\/div>\n<\/div><\/div><\/div><\/div><div id=\"pg-5471-2\"  class=\"panel-grid panel-has-style\" ><div class=\"siteorigin-panels-stretch panel-row-style panel-row-style-for-5471-2\" data-stretch-type=\"full\" ><div id=\"pgc-5471-2-0\"  class=\"panel-grid-cell\" ><div id=\"panel-5471-2-0-0\" class=\"so-panel widget widget_sow-editor panel-first-child\" data-index=\"7\" ><div\n\t\t\t\n\t\t\tclass=\"so-widget-sow-editor so-widget-sow-editor-base\"\n\t\t\t\n\t\t>\n<div class=\"siteorigin-widget-tinymce textwidget\">\n\t<h4 style=\"text-align: center; margin-top: -5px; margin-bottom: -5px;\"><span style=\"color: #ffffff;\">Nuestra empresa ofrece soluciones integrales para<\/span><\/h4>\n<h4 style=\"text-align: center; margin-top: -5px; margin-bottom: -5px;\"><span style=\"color: #ffffff;\">la optimizaci\u00f3n de los procesos industriales.<\/span><\/h4>\n<\/div>\n<\/div><\/div><div id=\"panel-5471-2-0-1\" class=\"so-panel widget widget_sow-button panel-last-child\" data-index=\"8\" ><div\n\t\t\t\n\t\t\tclass=\"so-widget-sow-button so-widget-sow-button-wire-800b2603e295-5471\"\n\t\t\t\n\t\t><div class=\"ow-button-base ow-button-align-center\"\n>\n\t\t\t<a\n\t\t\t\t\thref=\"https:\/\/losprimosxxi.com\/site\/contactenos\/\"\n\t\t\t\t\tclass=\"sowb-button ow-icon-placement-left ow-button-hover\" \t>\n\t\t<span>\n\t\t\t\n\t\t\tCont\u00e1ctenos\t\t<\/span>\n\t\t\t<\/a>\n\t<\/div>\n<\/div><\/div><\/div><\/div><\/div><div id=\"pg-5471-3\"  class=\"panel-grid panel-has-style\" ><div class=\"siteorigin-panels-stretch panel-row-style panel-row-style-for-5471-3\" data-stretch-type=\"full\" ><div id=\"pgc-5471-3-0\"  class=\"panel-grid-cell\" ><div id=\"panel-5471-3-0-0\" class=\"so-panel widget widget_sow-image panel-first-child panel-last-child\" data-index=\"9\" ><div\n\t\t\t\n\t\t\tclass=\"so-widget-sow-image so-widget-sow-image-default-dbf295114b96-5471\"\n\t\t\t\n\t\t>\n<div class=\"sow-image-container\">\n\t\t<img \n\tsrc=\"https:\/\/www.losprimosxxi.com\/site\/wp-content\/uploads\/2022\/03\/ARTE_INFERIOR_HOME.jpg\" width=\"1261\" height=\"370\" srcset=\"https:\/\/www.losprimosxxi.com\/site\/wp-content\/uploads\/2022\/03\/ARTE_INFERIOR_HOME.jpg 1261w, https:\/\/www.losprimosxxi.com\/site\/wp-content\/uploads\/2022\/03\/ARTE_INFERIOR_HOME-300x88.jpg 300w, https:\/\/www.losprimosxxi.com\/site\/wp-content\/uploads\/2022\/03\/ARTE_INFERIOR_HOME-1024x300.jpg 1024w, https:\/\/www.losprimosxxi.com\/site\/wp-content\/uploads\/2022\/03\/ARTE_INFERIOR_HOME-600x176.jpg 600w\" sizes=\"(max-width: 1261px) 100vw, 1261px\" alt=\"\" loading=\"lazy\" \t\tclass=\"so-widget-image\"\/>\n\t<\/div>\n\n<\/div><\/div><\/div><\/div><\/div><\/div>","protected":false},"excerpt":{"rendered":"<p>\u00a1Calidad y responsabilidad a su servicio! Suministros Servicios Pol\u00edtica de Calidad Enfocados en alcanzar la entera satisfacci\u00f3n de nuestros clientes, se promueve constantemente la optimizaci\u00f3n de nuestros procesos en cumplimiento de las normas y regulaciones de seguridad, calidad y medioambiente.<\/p>\n","protected":false},"author":4,"featured_media":0,"parent":0,"menu_order":0,"comment_status":"closed","ping_status":"closed","template":"","meta":[],"_links":{"self":[{"href":"https:\/\/www.losprimosxxi.com\/site\/wp-json\/wp\/v2\/pages\/5471"}],"collection":[{"href":"https:\/\/www.losprimosxxi.com\/site\/wp-json\/wp\/v2\/pages"}],"about":[{"href":"https:\/\/www.losprimosxxi.com\/site\/wp-json\/wp\/v2\/types\/page"}],"author":[{"embeddable":true,"href":"https:\/\/www.losprimosxxi.com\/site\/wp-json\/wp\/v2\/users\/4"}],"replies":[{"embeddable":true,"href":"https:\/\/www.losprimosxxi.com\/site\/wp-json\/wp\/v2\/comments?post=5471"}],"version-history":[{"count":55,"href":"https:\/\/www.losprimosxxi.com\/site\/wp-json\/wp\/v2\/pages\/5471\/revisions"}],"predecessor-version":[{"id":10565,"href":"https:\/\/www.losprimosxxi.com\/site\/wp-json\/wp\/v2\/pages\/5471\/revisions\/10565"}],"wp:attachment":[{"href":"https:\/\/www.losprimosxxi.com\/site\/wp-json\/wp\/v2\/media?parent=5471"}],"curies":[{"name":"wp","href":"https:\/\/api.w.org\/{rel}","templated":true}]}}